{"id":41628,"date":"2024-04-30T16:15:07","date_gmt":"2024-04-30T16:15:07","guid":{"rendered":"https:\/\/melong.online\/informazioni-su\/"},"modified":"2025-12-14T03:48:47","modified_gmt":"2025-12-14T03:48:47","slug":"chi-siamo","status":"publish","type":"page","link":"https:\/\/melong.online\/it\/chi-siamo\/","title":{"rendered":"Chi siamo"},"content":{"rendered":"<p>[et_pb_section fb_built=&#8221;1&#8243; _builder_version=&#8221;4.25.1&#8243; _module_preset=&#8221;default&#8221; global_colors_info=&#8221;{}&#8221;][et_pb_row _builder_version=&#8221;4.25.1&#8243; _module_preset=&#8221;default&#8221; global_colors_info=&#8221;{}&#8221;][et_pb_column type=&#8221;4_4&#8243; _builder_version=&#8221;4.25.1&#8243; _module_preset=&#8221;default&#8221; global_colors_info=&#8221;{}&#8221;][et_pb_text _builder_version=&#8221;4.27.4&#8243; _module_preset=&#8221;default&#8221; text_font=&#8221;Georgia|700||on|||||&#8221; text_text_color=&#8221;#333333&#8243; text_font_size=&#8221;32px&#8221; text_orientation=&#8221;center&#8221; custom_margin=&#8221;-32px||||false|false&#8221; text_font_size_tablet=&#8221;30px&#8221; text_font_size_phone=&#8221;25px&#8221; text_font_size_last_edited=&#8221;on|tablet&#8221; inline_fonts=&#8221;Georgia&#8221; global_colors_info=&#8221;{}&#8221;]<\/p>\n<p>Chi siamo<\/p>\n<p>[\/et_pb_text][\/et_pb_column][\/et_pb_row][et_pb_row _builder_version=&#8221;4.27.4&#8243; _module_preset=&#8221;default&#8221; global_colors_info=&#8221;{}&#8221;][et_pb_column type=&#8221;4_4&#8243; _builder_version=&#8221;4.25.1&#8243; _module_preset=&#8221;default&#8221; global_colors_info=&#8221;{}&#8221;][et_pb_image src=&#8221;https:\/\/melong.online\/wp-content\/uploads\/2024\/06\/5Rinpoche-Cazadero-1987-3-e1718209108654.jpg&#8221; title_text=&#8221;5Rinpoche, Cazadero, 1987-3&#8243; force_fullwidth=&#8221;on&#8221; _builder_version=&#8221;4.25.1&#8243; _module_preset=&#8221;default&#8221; global_colors_info=&#8221;{}&#8221;][\/et_pb_image][et_pb_text _builder_version=&#8221;4.27.4&#8243; _module_preset=&#8221;default&#8221; custom_margin=&#8221;||||false|false&#8221; custom_padding=&#8221;30px||||false|false&#8221; global_colors_info=&#8221;{}&#8221;]<\/p>\n<p><span>The Mirror \u00e8 il magazine della Comunit\u00e0 Dzogchen Internazionale fondata da <a href=\"https:\/\/melong.online\/it\/biografia-di-chogyal-namkhai-norbu\/\" target=\"_blank\" rel=\"noopener\">Ch\u00f6gyal Namkhai Norbu<\/a>, eminente studioso di cultura tibetana e rinomato maestro Dzogchen. <\/span><span class=\"il\">Dalla sua fondazione nel marzo 1990, <\/span> <span>The Mirror <\/span> <span class=\"il\">\u00e8 stato il principale mezzo di comunicazione all&#8217;interno della comunit\u00e0<\/span><span>.<\/span><\/p>\n<p>[\/et_pb_text][\/et_pb_column][\/et_pb_row][et_pb_row column_structure=&#8221;3_5,2_5&#8243; _builder_version=&#8221;4.27.2&#8243; _module_preset=&#8221;default&#8221; global_colors_info=&#8221;{}&#8221;][et_pb_column type=&#8221;3_5&#8243; _builder_version=&#8221;4.27.2&#8243; _module_preset=&#8221;default&#8221; global_colors_info=&#8221;{}&#8221;][et_pb_text _builder_version=&#8221;4.27.2&#8243; _module_preset=&#8221;default&#8221; width=&#8221;70%&#8221; module_alignment=&#8221;center&#8221; custom_padding=&#8221;||2px|||&#8221; animation_direction=&#8221;left&#8221; text_font_size_tablet=&#8221;20px&#8221; text_font_size_phone=&#8221;16px&#8221; text_font_size_last_edited=&#8221;on|phone&#8221; inline_fonts=&#8221;Georgia&#8221; global_colors_info=&#8221;{}&#8221;]<\/p>\n<p><span style=\"font-family: inherit; font-weight: normal; font-size: medium;\"><em><\/em><\/span><\/p>\n<p><span style=\"font-family: inherit; font-weight: normal; font-size: medium;\"><em><\/em><\/span><\/p>\n<p><span style=\"font-family: inherit; font-weight: normal; font-size: medium;\"><em><\/em><\/span><\/p>\n<p><span style=\"font-family: inherit; font-weight: normal; font-size: medium;\"><em><\/em><\/span><\/p>\n<p style=\"text-align: left;\"><span style=\"font-family: inherit; font-weight: normal; font-size: medium;\"><em>\u201c<\/em><em>La nostra fonte di notizie comunitarie, The Mirror, esiste gi\u00e0 da molti anni. \u00c8 davvero importantissima per la collaborazione e la comunicazione tra le persone della Comunit\u00e0 Dzogchen&#8221;. <\/em><\/span><\/p>\n<p style=\"text-align: left;\"><span style=\"font-family: inherit; font-weight: normal; font-size: medium;\"><strong>&#8211; Ch\u00f6gyal Namkhai Norbu<\/strong><\/span><\/p>\n<p>[\/et_pb_text][\/et_pb_column][et_pb_column type=&#8221;2_5&#8243; _builder_version=&#8221;4.27.2&#8243; _module_preset=&#8221;default&#8221; global_colors_info=&#8221;{}&#8221;][et_pb_image src=&#8221;https:\/\/melong.online\/wp-content\/uploads\/2024\/09\/ChNN.daniyal-ibragimov-3-e1536443832907-1.jpg&#8221; title_text=&#8221;ChNN.daniyal-ibragimov-3-e1536443832907-1&#8243; _builder_version=&#8221;4.27.2&#8243; _module_preset=&#8221;default&#8221; width=&#8221;83%&#8221; module_alignment=&#8221;left&#8221; animation_direction=&#8221;right&#8221; border_radii=&#8221;on|656px|656px|656px|656px&#8221; box_shadow_style=&#8221;preset2&#8243; global_colors_info=&#8221;{}&#8221;][\/et_pb_image][\/et_pb_column][\/et_pb_row][et_pb_row _builder_version=&#8221;4.25.1&#8243; _module_preset=&#8221;default&#8221; global_colors_info=&#8221;{}&#8221;][et_pb_column type=&#8221;4_4&#8243; _builder_version=&#8221;4.25.1&#8243; _module_preset=&#8221;default&#8221; global_colors_info=&#8221;{}&#8221;][et_pb_text _builder_version=&#8221;4.27.4&#8243; _module_preset=&#8221;default&#8221; global_colors_info=&#8221;{}&#8221;]<\/p>\n<p>Da allora sono stati pubblicati molti numeri, che non solo sono serviti come importante strumento di comunicazione tra i membri della Comunit\u00e0 Dzogchen di tutto il mondo, ma anche come archivio inestimabile, innanzitutto, degli insegnamenti, dei viaggi e dei numerosi progetti di Ch\u00f6gyal Namkhai Norbu in tutto il mondo, nonch\u00e9 della documentazione delle attivit\u00e0 dei Gar, dei Ling, delle associazioni e delle fondazioni che fanno parte della visione di Rinpoche.<\/p>\n<p>Esordito prima come quotidiano, The Mirror \u00e8 diventato una rivista a colori pubblicata trimestralmente in formato PDF scaricabile, gratuita per tutti e con una tiratura ridotta.<\/p>\n<p>[\/et_pb_text][\/et_pb_column][\/et_pb_row][et_pb_row column_structure=&#8221;2_5,3_5&#8243; _builder_version=&#8221;4.25.1&#8243; _module_preset=&#8221;default&#8221; global_colors_info=&#8221;{}&#8221;][et_pb_column type=&#8221;2_5&#8243; _builder_version=&#8221;4.25.1&#8243; _module_preset=&#8221;default&#8221; global_colors_info=&#8221;{}&#8221;][et_pb_image src=&#8221;https:\/\/melong.online\/wp-content\/uploads\/2021\/09\/the-mirror-old-issue.png&#8221; title_text=&#8221;Un vecchio numero di The Mirror&#8221; _builder_version=&#8221;4.25.1&#8243; _module_preset=&#8221;default&#8221; custom_padding=&#8221;|30px||||&#8221; global_colors_info=&#8221;{}&#8221;][\/et_pb_image][\/et_pb_column][et_pb_column type=&#8221;3_5&#8243; _builder_version=&#8221;4.25.1&#8243; _module_preset=&#8221;default&#8221; global_colors_info=&#8221;{}&#8221;][et_pb_text _builder_version=&#8221;4.27.2&#8243; _module_preset=&#8221;default&#8221; global_colors_info=&#8221;{}&#8221;]<\/p>\n<p class=\"p1\">The Mirror ha anche dato il nome a un sito web fondato nel 2014 che pubblica quotidianamente notizie e resoconti dalla comunit\u00e0 Dzogchen di tutto il mondo, oltre a insegnamenti di Rinpoche, interviste, recensioni e molto altro. Il sito web del Mirror \u00e8 collegato ai social media e gli articoli possono essere consultati anche su Facebook e Telegram. <\/p>\n<p class=\"p1\">Oltre all&#8217;inglese, puoi leggere i nostri articoli in italiano.<\/p>\n<p>[\/et_pb_text][\/et_pb_column][\/et_pb_row][et_pb_row _builder_version=&#8221;4.27.4&#8243; _module_preset=&#8221;default&#8221; global_colors_info=&#8221;{}&#8221;][et_pb_column type=&#8221;4_4&#8243; _builder_version=&#8221;4.27.4&#8243; _module_preset=&#8221;default&#8221; global_colors_info=&#8221;{}&#8221;][et_pb_text _builder_version=&#8221;4.27.4&#8243; _module_preset=&#8221;default&#8221; text_font=&#8221;Georgia|700||on|||||&#8221; text_font_size=&#8221;32px&#8221; text_orientation=&#8221;center&#8221; custom_margin=&#8221;34px||||false|false&#8221; text_font_size_tablet=&#8221;30px&#8221; text_font_size_phone=&#8221;25px&#8221; text_font_size_last_edited=&#8221;on|tablet&#8221; inline_fonts=&#8221;Georgia&#8221; global_colors_info=&#8221;{}&#8221;]<\/p>\n<p>La Comunit\u00e0 Dzogchen Internazionale<\/p>\n<p>[\/et_pb_text][et_pb_text _builder_version=&#8221;4.27.4&#8243; _module_preset=&#8221;default&#8221; custom_padding=&#8221;15px||||false|false&#8221; global_colors_info=&#8221;{}&#8221;]<\/p>\n<p>La Comunit\u00e0 Dzogchen Internazionale annovera tra i suoi membri tutti coloro che sono interessati alla pratica dello Dzogchen trasmessa da Namkhai Norbu. La Comunit\u00e0 \u00e8 quindi considerata un luogo di incontro tra persone che condividono lo stesso percorso di conoscenza.<\/p>\n<p>Ha un&#8217;organizzazione non burocratica, con sistemi di comunicazione e collaborazione che rispettano le varie condizioni locali autonome. I centri comunitari (Gar e Ling) sono considerati luoghi per la pratica della consapevolezza, dove \u00e8 possibile collaborare gli uni con gli altri nella prospettiva di un arricchimento spirituale comune.<\/p>\n<p>Per Namkhai Norbu, i Gar e i Ling costituiscono un grande mandala, una rete che copre le varie aree geografiche del mondo e a cui i praticanti possono fare riferimento come luoghi di studio, pratica e meditazione. Ci sono dieci Gar e molti Ling pi\u00f9 piccoli in vari luoghi del mondo.<\/p>\n<p>Dal 2025 la guida spirituale della Comunit\u00e0 <span class=\"error-spellcheck\" data-word=\"Dzogchen\" data-suggestion=\"Diachenio\">Dzogchen <\/span>Internazionale \u00e8 <span class=\"error-spellcheck\" data-word=\"Namkhai\" data-suggestion=\"Inamidai\">Namkhai<\/span> <span class=\"error-spellcheck\" data-word=\"Yeshi\" data-suggestion=\"Shimmy\">Yeshi<\/span>, figlio e devoto discepolo di <span class=\"error-spellcheck\" data-word=\"Ch\u00f6gyal\" data-suggestion=\"\">Ch\u00f6gyal<\/span> <span class=\"error-spellcheck\" data-word=\"Namkhai\" data-suggestion=\"Inamidai\">Namkhai<\/span> <span class=\"error-spellcheck\" data-word=\"Norbu\" data-suggestion=\"Buonora\">Norbu<\/span>.<\/p>\n<p>Puoi trovare e contattare il centro IDC pi\u00f9 vicino a te su: <a href=\"https:\/\/dzogchen.net\/\" target=\"_blank\" rel=\"noopener\">www.dzogchen.net.<\/a><\/p>\n<p>[\/et_pb_text][\/et_pb_column][\/et_pb_row][et_pb_row _builder_version=&#8221;4.25.1&#8243; _module_preset=&#8221;default&#8221; global_colors_info=&#8221;{}&#8221;][et_pb_column type=&#8221;4_4&#8243; _builder_version=&#8221;4.25.1&#8243; _module_preset=&#8221;default&#8221; global_colors_info=&#8221;{}&#8221;][et_pb_text _builder_version=&#8221;4.27.4&#8243; _module_preset=&#8221;default&#8221; text_font=&#8221;Georgia|700||on|||||&#8221; text_font_size=&#8221;32px&#8221; text_orientation=&#8221;center&#8221; custom_margin=&#8221;34px||||false|false&#8221; text_font_size_tablet=&#8221;30px&#8221; text_font_size_phone=&#8221;25px&#8221; text_font_size_last_edited=&#8221;on|tablet&#8221; inline_fonts=&#8221;Georgia&#8221; global_colors_info=&#8221;{}&#8221;]<\/p>\n<p>Team editoriale<\/p>\n<p>[\/et_pb_text][\/et_pb_column][\/et_pb_row][et_pb_row column_structure=&#8221;2_5,3_5&#8243; _builder_version=&#8221;4.27.2&#8243; _module_preset=&#8221;default&#8221; global_colors_info=&#8221;{}&#8221;][et_pb_column type=&#8221;2_5&#8243; _builder_version=&#8221;4.27.2&#8243; _module_preset=&#8221;default&#8221; global_colors_info=&#8221;{}&#8221;][et_pb_image src=&#8221;https:\/\/melong.online\/wp-content\/uploads\/2024\/06\/WhatsApp-Image-2024-06-10-at-09.35.36.jpeg&#8221; title_text=&#8221;Liz Granger&#8221; _builder_version=&#8221;4.27.5&#8243; _module_preset=&#8221;default&#8221; width=&#8221;85%&#8221; module_alignment=&#8221;center&#8221; custom_padding=&#8221;||||false|false&#8221; hover_enabled=&#8221;0&#8243; border_radii=&#8221;on|430px|430px|430px|430px&#8221; box_shadow_style=&#8221;preset2&#8243; global_colors_info=&#8221;{}&#8221; sticky_enabled=&#8221;0&#8243;][\/et_pb_image][\/et_pb_column][et_pb_column type=&#8221;3_5&#8243; _builder_version=&#8221;4.27.2&#8243; _module_preset=&#8221;default&#8221; global_colors_info=&#8221;{}&#8221;][et_pb_text _builder_version=&#8221;4.27.2&#8243; _module_preset=&#8221;default&#8221; global_colors_info=&#8221;{}&#8221;]<\/p>\n<p><span class=\"s2\"><\/span><\/p>\n<p><span class=\"s2\"><strong><\/strong><\/span><\/p>\n<p><span class=\"s2\"><strong>Liz Granger<\/strong> ha incontrato per la prima volta Ch\u00f6gyal Namkhai Norbu durante il suo secondo ritiro a Londra nel 1979. Poco dopo si \u00e8 trasferita in Italia per essere vicina alla comunit\u00e0 Dzogchen. \u00c8 stata il secondo Gek\u00f6 di Merigar e per molti anni si \u00e8 occupata di traduzioni ed editing per le Shang Shung Edizioni e The Mirror.  <\/span><\/p>\n<p>[\/et_pb_text][\/et_pb_column][\/et_pb_row][et_pb_row column_structure=&#8221;2_5,3_5&#8243; _builder_version=&#8221;4.27.2&#8243; _module_preset=&#8221;default&#8221; global_colors_info=&#8221;{}&#8221;][et_pb_column type=&#8221;2_5&#8243; _builder_version=&#8221;4.27.2&#8243; _module_preset=&#8221;default&#8221; global_colors_info=&#8221;{}&#8221;][et_pb_image src=&#8221;https:\/\/melong.online\/wp-content\/uploads\/2024\/06\/WhatsApp-Image-2024-06-04-at-12.40.23.jpeg&#8221; title_text=&#8221;Naomi Zeitz&#8221; _builder_version=&#8221;4.27.5&#8243; _module_preset=&#8221;default&#8221; width=&#8221;85%&#8221; module_alignment=&#8221;center&#8221; custom_margin=&#8221;||||false|false&#8221; custom_padding=&#8221;||||false|false&#8221; hover_enabled=&#8221;0&#8243; border_radii=&#8221;on|430px|430px|430px|430px&#8221; box_shadow_style=&#8221;preset2&#8243; global_colors_info=&#8221;{}&#8221; sticky_enabled=&#8221;0&#8243;][\/et_pb_image][\/et_pb_column][et_pb_column type=&#8221;3_5&#8243; _builder_version=&#8221;4.27.2&#8243; _module_preset=&#8221;default&#8221; global_colors_info=&#8221;{}&#8221;][et_pb_text _builder_version=&#8221;4.25.1&#8243; _module_preset=&#8221;default&#8221; global_colors_info=&#8221;{}&#8221;]<\/p>\n<p><span class=\"s2\"><\/span><\/p>\n<p><span class=\"s2\"><\/span><\/p>\n<p><span class=\"s2\"><\/span><\/p>\n<p><span class=\"s2\"><strong>Naomi Zeitz<\/strong> ha incontrato Ch<\/span><span class=\"s2\">\u00f6<\/span><span class=\"s2\">gyal Namkhai Norbu nel 1987 alla Columbia University di New York, dove tenne un discorso pubblico sullo Yantra Yoga. \u00c8 redattrice di The Mirror dal 1994, anno in cui la sede di The Mirror \u00e8 stata trasferita a Tsegyalgar East, Massachusetts, USA. In precedenza ha trascorso un periodo a Merigar West dove ha collaborato ai primi giorni di vita del Mirror. Attualmente vive tra il Massachusetts occidentale, vicino a Tsegyalgar East e Dzamling Gar.   <\/span><\/p>\n<p>[\/et_pb_text][\/et_pb_column][\/et_pb_row][et_pb_row column_structure=&#8221;2_5,3_5&#8243; _builder_version=&#8221;4.27.2&#8243; _module_preset=&#8221;default&#8221; global_colors_info=&#8221;{}&#8221;][et_pb_column type=&#8221;2_5&#8243; _builder_version=&#8221;4.27.2&#8243; _module_preset=&#8221;default&#8221; global_colors_info=&#8221;{}&#8221;][et_pb_image src=&#8221;https:\/\/melong.online\/wp-content\/uploads\/2025\/01\/nastya-1.jpeg&#8221; title_text=&#8221;Anastasia Eremenko&#8221; _builder_version=&#8221;4.27.5&#8243; _module_preset=&#8221;default&#8221; width=&#8221;85%&#8221; module_alignment=&#8221;center&#8221; custom_padding=&#8221;||||false|false&#8221; hover_enabled=&#8221;0&#8243; border_radii=&#8221;on|430px|430px|430px|430px&#8221; box_shadow_style=&#8221;preset2&#8243; global_colors_info=&#8221;{}&#8221; sticky_enabled=&#8221;0&#8243; custom_margin_last_edited=&#8221;on|phone&#8221;][\/et_pb_image][\/et_pb_column][et_pb_column type=&#8221;3_5&#8243; _builder_version=&#8221;4.27.2&#8243; _module_preset=&#8221;default&#8221; global_colors_info=&#8221;{}&#8221;][et_pb_text _builder_version=&#8221;4.25.1&#8243; _module_preset=&#8221;default&#8221; global_colors_info=&#8221;{}&#8221;]<\/p>\n<p><span class=\"s2\"><\/span><\/p>\n<p><span class=\"s2\"><\/span><\/p>\n<p><span class=\"s2\"><\/span><\/p>\n<p><span class=\"s2\"><strong>Anastasia Eremenko<\/strong> ha incontrato Ch<\/span><span class=\"s2\">\u00f6<\/span><span class=\"s2\">gyal Namkhai Norbu nel 2010 durante il suo ritiro estivo a Mosca e presto \u00e8 diventata un membro della comunit\u00e0 Dzogchen. Traduce gli articoli di The Mirror in russo dal 2013 e ne diventa redattrice nel 2020. Dal 2013 \u00e8 traduttrice e redattrice presso la sede russa di Edizioni Shang Shung.   <\/span><\/p>\n<p>[\/et_pb_text][\/et_pb_column][\/et_pb_row][et_pb_row _builder_version=&#8221;4.27.2&#8243; _module_preset=&#8221;default&#8221; global_colors_info=&#8221;{}&#8221;][et_pb_column type=&#8221;4_4&#8243; _builder_version=&#8221;4.27.2&#8243; _module_preset=&#8221;default&#8221; global_colors_info=&#8221;{}&#8221;][et_pb_text _builder_version=&#8221;4.27.4&#8243; _module_preset=&#8221;default&#8221; text_font=&#8221;Georgia|700||on|||||&#8221; text_font_size=&#8221;32px&#8221; text_orientation=&#8221;center&#8221; custom_margin=&#8221;34px||||false|false&#8221; text_font_size_tablet=&#8221;30px&#8221; text_font_size_phone=&#8221;25px&#8221; text_font_size_last_edited=&#8221;on|tablet&#8221; inline_fonts=&#8221;Georgia&#8221; global_colors_info=&#8221;{}&#8221;]<\/p>\n<p>Language operator<\/p>\n<p>[\/et_pb_text][\/et_pb_column][\/et_pb_row][et_pb_row column_structure=&#8221;2_5,3_5&#8243; _builder_version=&#8221;4.27.2&#8243; _module_preset=&#8221;default&#8221; global_colors_info=&#8221;{}&#8221;][et_pb_column type=&#8221;2_5&#8243; _builder_version=&#8221;4.27.2&#8243; _module_preset=&#8221;default&#8221; global_colors_info=&#8221;{}&#8221;][et_pb_image src=&#8221;https:\/\/melong.online\/wp-content\/uploads\/2025\/03\/1.jpg&#8221; title_text=&#8221;andrea pintimalli&#8221; _builder_version=&#8221;4.27.5&#8243; _module_preset=&#8221;default&#8221; width=&#8221;85%&#8221; module_alignment=&#8221;center&#8221; custom_padding=&#8221;||||false|false&#8221; hover_enabled=&#8221;0&#8243; border_radii=&#8221;on|430px|430px|430px|430px&#8221; box_shadow_style=&#8221;preset2&#8243; global_colors_info=&#8221;{}&#8221; custom_margin_last_edited=&#8221;on|phone&#8221; sticky_enabled=&#8221;0&#8243;][\/et_pb_image][\/et_pb_column][et_pb_column type=&#8221;3_5&#8243; _builder_version=&#8221;4.27.2&#8243; _module_preset=&#8221;default&#8221; global_colors_info=&#8221;{}&#8221;][et_pb_text _builder_version=&#8221;4.27.4&#8243; _module_preset=&#8221;default&#8221; global_colors_info=&#8221;{}&#8221;]<\/p>\n<p><span class=\"s2\"><\/span><\/p>\n<p><span class=\"s2\"><\/span><\/p>\n<p><span class=\"s2\"><\/span><\/p>\n<p><strong><span class=\"il\">Andrea<\/span>\u00a0<span class=\"il\">Pintimalli<\/span>\u00a0<\/strong><span>ha incontrato per la prima volta Yeshi Namkhai nel 2023 in un ritiro a Merigar West. Vive a Roma, dove frequenta gli incontri che si tengono presso Zhenphenling. Dal 24 dicembre 2023 si occupa della messa online delle traduzioni in italiano degli articoli di The Mirror.<\/span><\/p>\n<p>[\/et_pb_text][\/et_pb_column][\/et_pb_row][\/et_pb_section]<\/p>\n","protected":false},"excerpt":{"rendered":"<p>Chi siamoThe Mirror \u00e8 il magazine della Comunit\u00e0 Dzogchen Internazionale fondata da Ch\u00f6gyal Namkhai Norbu, eminente studioso di cultura tibetana e rinomato maestro Dzogchen. Dalla sua fondazione nel marzo 1990, The Mirror \u00e8 stato il principale mezzo di comunicazione all&#8217;interno della comunit\u00e0. \u201cLa nostra fonte di notizie comunitarie, The Mirror, esiste gi\u00e0 da molti anni. [&hellip;]<\/p>\n","protected":false},"author":8,"featured_media":63358,"parent":0,"menu_order":0,"comment_status":"closed","ping_status":"closed","template":"","meta":{"_et_pb_use_builder":"on","_et_pb_old_content":"","_et_gb_content_width":"","_searchwp_excluded":"","footnotes":""},"class_list":["post-41628","page","type-page","status-publish","has-post-thumbnail","hentry"],"_links":{"self":[{"href":"https:\/\/melong.online\/it\/wp-json\/wp\/v2\/pages\/41628","targetHints":{"allow":["GET"]}}],"collection":[{"href":"https:\/\/melong.online\/it\/wp-json\/wp\/v2\/pages"}],"about":[{"href":"https:\/\/melong.online\/it\/wp-json\/wp\/v2\/types\/page"}],"author":[{"embeddable":true,"href":"https:\/\/melong.online\/it\/wp-json\/wp\/v2\/users\/8"}],"replies":[{"embeddable":true,"href":"https:\/\/melong.online\/it\/wp-json\/wp\/v2\/comments?post=41628"}],"version-history":[{"count":5,"href":"https:\/\/melong.online\/it\/wp-json\/wp\/v2\/pages\/41628\/revisions"}],"predecessor-version":[{"id":63126,"href":"https:\/\/melong.online\/it\/wp-json\/wp\/v2\/pages\/41628\/revisions\/63126"}],"wp:featuredmedia":[{"embeddable":true,"href":"https:\/\/melong.online\/it\/wp-json\/wp\/v2\/media\/63358"}],"wp:attachment":[{"href":"https:\/\/melong.online\/it\/wp-json\/wp\/v2\/media?parent=41628"}],"curies":[{"name":"wp","href":"https:\/\/api.w.org\/{rel}","templated":true}]}}