{"id":63898,"date":"2025-12-21T04:54:52","date_gmt":"2025-12-21T04:54:52","guid":{"rendered":"https:\/\/melong.online\/chogyal-namkhai-norbu\/"},"modified":"2025-12-31T04:26:57","modified_gmt":"2025-12-31T04:26:57","slug":"chogyal-namkhai-norbu","status":"publish","type":"page","link":"https:\/\/melong.online\/it\/chogyal-namkhai-norbu\/","title":{"rendered":"Ch\u00f6gyal Namkhai Norbu"},"content":{"rendered":"<p>[et_pb_section fb_built=&#8221;1&#8243; _builder_version=&#8221;4.27.5&#8243; _module_preset=&#8221;default&#8221; global_colors_info=&#8221;{}&#8221;][et_pb_row _builder_version=&#8221;4.27.5&#8243; _module_preset=&#8221;default&#8221; global_colors_info=&#8221;{}&#8221;][et_pb_column type=&#8221;4_4&#8243; _builder_version=&#8221;4.27.5&#8243; _module_preset=&#8221;default&#8221; global_colors_info=&#8221;{}&#8221;][et_pb_text _builder_version=&#8221;4.27.5&#8243; _module_preset=&#8221;default&#8221; text_font=&#8221;Georgia|700||on|||||&#8221; text_text_color=&#8221;#333333&#8243; text_font_size=&#8221;32px&#8221; header_font=&#8221;Georgia||||||||&#8221; text_orientation=&#8221;center&#8221; custom_margin=&#8221;-32px||||false|false&#8221; text_font_size_tablet=&#8221;30px&#8221; text_font_size_phone=&#8221;25px&#8221; text_font_size_last_edited=&#8221;on|tablet&#8221; inline_fonts=&#8221;Georgia&#8221; global_colors_info=&#8221;{}&#8221;]<\/p>\n<p>Ch\u00f6gyal Namkhai Norbu<\/p>\n<p>[\/et_pb_text][\/et_pb_column][\/et_pb_row][et_pb_row column_structure=&#8221;2_5,3_5&#8243; _builder_version=&#8221;4.27.5&#8243; _module_preset=&#8221;default&#8221; width=&#8221;89%&#8221; global_colors_info=&#8221;{}&#8221;][et_pb_column type=&#8221;2_5&#8243; _builder_version=&#8221;4.27.5&#8243; _module_preset=&#8221;default&#8221; global_colors_info=&#8221;{}&#8221;][et_pb_image src=&#8221;https:\/\/melong.online\/wp-content\/uploads\/2025\/12\/9fc9e0df-67d3-4408-ae3b-6834c53dab9a.jpeg&#8221; title_text=&#8221;9fc9e0df-67d3-4408-ae3b-6834c53dab9a&#8221; _builder_version=&#8221;4.27.5&#8243; _module_preset=&#8221;default&#8221; hover_enabled=&#8221;0&#8243; global_colors_info=&#8221;{}&#8221; sticky_enabled=&#8221;0&#8243;][\/et_pb_image][\/et_pb_column][et_pb_column type=&#8221;3_5&#8243; _builder_version=&#8221;4.27.5&#8243; _module_preset=&#8221;default&#8221; global_colors_info=&#8221;{}&#8221;][et_pb_text _builder_version=&#8221;4.27.5&#8243; _module_preset=&#8221;default&#8221; global_colors_info=&#8221;{}&#8221;]<\/p>\n<h2 class=\"wp-block-heading\">Eminente studioso della cultura del Tibet e maestro di vita, figura unica nel panorama spirituale contemporaneo.<\/h2>\n<p>Nato nel 1938 a Ge&#8217;u, nella Contea di Derge, Ch\u00f6gyal Namkhai Norbu fu riconusciuto come reincarnazione del grande maestro di Dzogchen Adzom Drugpa (1842-1924) e, indirizzato a un\u2019educazione tradizionale, complet\u00f2 con successo gli studi in scienze filosofico-letterarie. Nel 1955 incontr\u00f2 e ricevette insegnamenti dal suo principale maestro, Changchub Dorje (1863-1961), il cui modo di vivere e trasmettere la conoscenza dello Dzogchen sar\u00e0 per lui fonte di profonda ispirazione per tutta la vita.  <\/p>\n<p>[\/et_pb_text][\/et_pb_column][\/et_pb_row][et_pb_row _builder_version=&#8221;4.27.5&#8243; _module_preset=&#8221;default&#8221; global_colors_info=&#8221;{}&#8221;][et_pb_column type=&#8221;4_4&#8243; _builder_version=&#8221;4.27.5&#8243; _module_preset=&#8221;default&#8221; global_colors_info=&#8221;{}&#8221;][et_pb_text _builder_version=&#8221;4.27.5&#8243; _module_preset=&#8221;default&#8221; custom_margin=&#8221;-16px||||false|false&#8221; global_colors_info=&#8221;{}&#8221;]<\/p>\n<p>Quando, nel 1959, fu invitato in Italia dal celebre tibetologo e orientalista italiano Giuseppe Tucci, Ch\u00f6gyal Namkhai Norbu era gi\u00e0 noto come studioso e maestro spirituale, aveva insegnato lingua tibetana a Chengdu, in Cina e da un anno si trovava in Sikkim, in India, dove lavorava come autore di saggi in tibetano. Fra le proposte ricevute, Ch\u00f6gyal Namkhai Norbu scelse di venire in Italia motivato in particolare dall\u2019interesse per l\u2019importante biblioteca di testi tibetani che lo studioso italiano aveva collezionato negli anni.  <\/p>\n<p>Cos\u00ec, poco pi\u00f9 che ventenne, Ch\u00f6gyal Namkhai Norbu collabor\u00f2 con il Prof. Giuseppe Tucci al catalogo dei testi tibetani dell\u2019Ismeo (Istituto per il medio e l\u2019Estremo Oriente) a Roma e nel 1962 divenne professore di lingua e letteratura tibetana all\u2019Universit\u00e0 di Napoli \u201cl\u2019Orientale\u201d, dove insegner\u00e0 fino al 1992.<\/p>\n<p>Ch\u00f6gyal Namkhai Norbu si \u00e8 quindi stabilito in Italia. Nel 1971 ha iniziato a insegnare lo Yantra <a href=\"https:\/\/www.merigar.it\/it\/attivita-associazione-culturale-comunita-dzogchen-merigar-west\/yantra-yoga\/\" target=\"_blank\" rel=\"noopener\"> <\/a>Yoga e nel 1976, su richiesta di studenti di diversa estrazione e provenienza, ha dato i primi insegnamenti di Dzogchen Atiyoga.<\/p>\n<p>Per oltre 50 anni ha quindi dedicato la propria vita a far conoscere questo antico insegnamento, autentico patrimonio dell\u2019umanit\u00e0, a migliaia di persone in tutto il mondo.<\/p>\n<p>Nel 1981 ha ispirato e contribuito alla fondazione di Merigar, il primo centro della Comunit\u00e0 Dzogchen. Negli anni successivi, centri simili sono sorti spontaneamente in altri paesi europei e negli Stati Uniti, in Sudamerica, Cina, Russia, Australia, dando vita all&#8217;attuale e numerosa Comunit\u00e0 Internazionale Dzogchen, un&#8217;associazione che gode di rispetto e prestigio anche in ambito istituzionale. Nel 1983 la casa editrice <a href=\"https:\/\/shop.shangshungfoundation.com\/it\/\" target=\"_blank\" rel=\"noreferrer noopener\">Shang Shung edizioni<\/a> fu fondata con lo scopo principale di pubblicare gli insegnamenti di Ch\u00f6gyal Namkhai Norbu e di altri maestri appartenenti alle tradizioni tibetane, buddhiste e non buddhiste, mentre i testi che egli aveva portato con s\u00e9 dal Tibet e quelli che si rendevano man mano necessari ai suoi studi formarono il primo nucleo di opere che hanno dato vita a quella che oggi \u00e8 la <a href=\"https:\/\/www.merigar.it\/en\/visit\/our-facilities\/zikhang\/the-library\/\" target=\"_blank\" rel=\"noopener\">Biblioteca Zikhang<\/a>.  <\/p>\n<p>L\u2019impegno di Ch\u00f6gyal Namkhai Norbu allo studio di molti aspetti della cultura tibetana e alla conservazione del patrimonio spirituale e culturale del Tibet a beneficio delle generazioni future \u00e8 stato incessante. In particolare, i suoi contributi riguardano la storia antica del Tibet, le tradizioni autoctone pre-buddhiste, usi e costumi dei nomadi, l\u2019origine, la teoria e la pratica dell&#8217;astrologia e la medicina tradizionale tibetana. <\/p>\n<p>Nel 1988 Ch\u00f6gyal Namkhai Norbu ha fondato <a href=\"https:\/\/asia-ngo.org\/\" target=\"_blank\" rel=\"noreferrer noopener\">A.S.I.A<\/a>, Associazione per la Solidariet\u00e0 Internazionale in Asia, che lavora in Tibet, India, Nepal, Myanmar, Mongolia e Sri Lanka, promuovendo progetti di cooperazione e sostegno a distanza. Nel 1989 ha fondato l&#8217;Istituto Shang Shung, con sede in Italia, per permettere a studiosi di tutto il mondo di portare avanti e sviluppare l&#8217;importante attivit\u00e0 di ricerca e studio sull&#8217;arte e le culture orientali. In particolare, il dipartimento di <a href=\"https:\/\/tibetanmedicineschool.org\/\" target=\"_blank\" data-type=\"link\" data-id=\"https:\/\/tibetanmedicineschool.org\/\" rel=\"noreferrer noopener\">medicina tradizionale tibetana<\/a> e il <a href=\"https:\/\/atiyogafoundation.net\/en\/studies\/tibetan-language\/\" target=\"_blank\" rel=\"noreferrer noopener\">dipartimento di lingua tibetana<\/a> promuovono convegni e giornate di studio in tutto il mondo e organizzano regolarmente corsi di formazione per futuri traduttori e medici di medicina Ttbetana. Il <a href=\"https:\/\/ka-ter.org\/\" target=\"_blank\" rel=\"noreferrer noopener\">progetto Ka-ter<\/a>, nato nel 2002, porta avanti progetti di traduzione delle opere di Ch\u00f6gyal Namkhai Norbu e di antichi testi dello Dzogchen. Nel 2018 \u00e8 nata anche l\u2019International Atiyoga Foundation che \u00e8 intesa come l&#8217;ombrello di tutte le entit\u00e0 che compongono la Comunit\u00e0 Dzogchen.    <\/p>\n<p>Ch\u00f6gyal Namkhai Norbu ha insegnato, a partire dal 1990, la Danza del Vajra e dal 2011 ha anche raccolto e promosso lo studio, il canto e la danza di canzoni tibetane tradizionali e moderne in un progetto chiamato <a href=\"https:\/\/khaita.com\/about\" target=\"_blank\" rel=\"noreferrer noopener\">Khaita<\/a>. Sia la <a href=\"https:\/\/vajradance.net\/\" target=\"_blank\" data-type=\"link\" data-id=\"https:\/\/vajradance.net\/\" rel=\"noreferrer noopener\">danza del Vajra<\/a> e che le Danze Gioiose Khaita sono state riconosciute dal Consiglio Internazionale della Danza (CID) dell\u2019UNESCO. <\/p>\n<p>Gli innumerevoli reperti che Ch\u00f6gyal Namkhai Norbu ha raccolto con la propria famiglia, quali opere d\u2019arte, oggetti di artigianato e di costume, oggetti votivi di notevole valore culturale ed etnografico, importanti fondi documentari e documenti riguardanti le sue ricerche e gli studi sulla cultura himalayana e centro asiatica sono confluiti nel <a href=\"https:\/\/www.macomuseo.org\/themuseum\" target=\"_blank\" rel=\"noreferrer noopener\">MACO<\/a> Museo di Arte e Cultura Orientale ad Arcidosso, inaugurato nel 2016.<\/p>\n<p>Ch\u00f6gyal Namkhai Norbu ha ricevuto molti riconoscimenti e onorificenze, sia in Patria che all\u2019estero, per la sua vasta attivit\u00e0 culturale e per il suo instancabile impegno sociale. Fra questi, menzione speciale merita l\u2019onorificenza di Commendatore al Merito della Repubblica Italiana ricevuta dal Presidente Sergio Mattarella nel 2018. <\/p>\n<p>Ch\u00f6gyal Namkhai Norbu si \u00e8 spento serenamente nella sua residenza di Gadeling, Arcidosso, GR, Italia, il 27 settembre 2018.<\/p>\n<p>[\/et_pb_text][\/et_pb_column][\/et_pb_row][\/et_pb_section]<\/p>\n","protected":false},"excerpt":{"rendered":"<p>Eminente studioso della cultura del Tibet e maestro di vita, figura unica nel panorama spirituale contemporaneo.<\/p>\n","protected":false},"author":8,"featured_media":63897,"parent":0,"menu_order":0,"comment_status":"closed","ping_status":"closed","template":"","meta":{"_et_pb_use_builder":"on","_et_pb_old_content":"","_et_gb_content_width":"","_searchwp_excluded":"","footnotes":""},"class_list":["post-63898","page","type-page","status-publish","has-post-thumbnail","hentry"],"_links":{"self":[{"href":"https:\/\/melong.online\/it\/wp-json\/wp\/v2\/pages\/63898","targetHints":{"allow":["GET"]}}],"collection":[{"href":"https:\/\/melong.online\/it\/wp-json\/wp\/v2\/pages"}],"about":[{"href":"https:\/\/melong.online\/it\/wp-json\/wp\/v2\/types\/page"}],"author":[{"embeddable":true,"href":"https:\/\/melong.online\/it\/wp-json\/wp\/v2\/users\/8"}],"replies":[{"embeddable":true,"href":"https:\/\/melong.online\/it\/wp-json\/wp\/v2\/comments?post=63898"}],"version-history":[{"count":5,"href":"https:\/\/melong.online\/it\/wp-json\/wp\/v2\/pages\/63898\/revisions"}],"predecessor-version":[{"id":63903,"href":"https:\/\/melong.online\/it\/wp-json\/wp\/v2\/pages\/63898\/revisions\/63903"}],"wp:featuredmedia":[{"embeddable":true,"href":"https:\/\/melong.online\/it\/wp-json\/wp\/v2\/media\/63897"}],"wp:attachment":[{"href":"https:\/\/melong.online\/it\/wp-json\/wp\/v2\/media?parent=63898"}],"curies":[{"name":"wp","href":"https:\/\/api.w.org\/{rel}","templated":true}]}}