{"id":63905,"date":"2025-12-21T06:54:35","date_gmt":"2025-12-21T06:54:35","guid":{"rendered":"https:\/\/melong.online\/dzogchen\/"},"modified":"2026-01-05T16:28:57","modified_gmt":"2026-01-05T16:28:57","slug":"dzogchen","status":"publish","type":"page","link":"https:\/\/melong.online\/it\/dzogchen\/","title":{"rendered":"Dzogchen"},"content":{"rendered":"<p>[et_pb_section fb_built=&#8221;1&#8243; _builder_version=&#8221;4.27.5&#8243; _module_preset=&#8221;default&#8221; global_colors_info=&#8221;{}&#8221;][et_pb_row _builder_version=&#8221;4.27.5&#8243; _module_preset=&#8221;default&#8221; global_colors_info=&#8221;{}&#8221;][et_pb_column type=&#8221;4_4&#8243; _builder_version=&#8221;4.27.5&#8243; _module_preset=&#8221;default&#8221; global_colors_info=&#8221;{}&#8221;][et_pb_text _builder_version=&#8221;4.27.5&#8243; _module_preset=&#8221;default&#8221; text_font=&#8221;Georgia|700||on|||||&#8221; text_text_color=&#8221;#333333&#8243; text_font_size=&#8221;32px&#8221; header_font=&#8221;Georgia||||||||&#8221; text_orientation=&#8221;center&#8221; custom_margin=&#8221;-32px||||false|false&#8221; text_font_size_tablet=&#8221;30px&#8221; text_font_size_phone=&#8221;25px&#8221; text_font_size_last_edited=&#8221;on|tablet&#8221; inline_fonts=&#8221;Georgia&#8221; global_colors_info=&#8221;{}&#8221;]<\/p>\n<p>Dzogchen<\/p>\n<p>[\/et_pb_text][et_pb_text _builder_version=&#8221;4.27.5&#8243; _module_preset=&#8221;default&#8221; text_font=&#8221;|700|||||||&#8221; text_font_size=&#8221;20px&#8221; text_orientation=&#8221;center&#8221; global_colors_info=&#8221;{}&#8221;]<\/p>\n<p>Estratto dal libro di Ch\u00f6gyal Namkhai Norbu <a href=\"https:\/\/www.shangshungpublications.com\/en\/products\/product\/product_705?srsltid=AfmBOoqqzw-jcU85oyxtkGVlJJjacpvEsuCegQ4M-tddR4AhhQxAPUmX\" target=\"_blank\" rel=\"noopener\">&#8220;Starting the Evolution&#8221;<\/a>:<\/p>\n<p>[\/et_pb_text][\/et_pb_column][\/et_pb_row][et_pb_row column_structure=&#8221;1_3,2_3&#8243; make_equal=&#8221;on&#8221; _builder_version=&#8221;4.27.5&#8243; _module_preset=&#8221;default&#8221; width=&#8221;89%&#8221; global_colors_info=&#8221;{}&#8221;][et_pb_column type=&#8221;1_3&#8243; _builder_version=&#8221;4.27.5&#8243; _module_preset=&#8221;default&#8221; global_colors_info=&#8221;{}&#8221;][et_pb_image src=&#8221;https:\/\/melong.online\/wp-content\/uploads\/2021\/01\/tibetan-letter-a.jpg&#8221; title_text=&#8221;tibetan letter a&#8221; _builder_version=&#8221;4.27.5&#8243; _module_preset=&#8221;default&#8221; global_colors_info=&#8221;{}&#8221;][\/et_pb_image][\/et_pb_column][et_pb_column type=&#8221;2_3&#8243; _builder_version=&#8221;4.27.5&#8243; _module_preset=&#8221;default&#8221; global_colors_info=&#8221;{}&#8221;][et_pb_text _builder_version=&#8221;4.27.5&#8243; _module_preset=&#8221;default&#8221; width=&#8221;100%&#8221; hover_enabled=&#8221;0&#8243; global_colors_info=&#8221;{}&#8221; sticky_enabled=&#8221;0&#8243;]<\/p>\n<p class=\"p1\"><span class=\"s1\">Quando <\/span>sono arrivato in Italia per la prima volta, molti anni fa, nessuno sapeva cosa fosse lo Dzogchen. Le uniche eccezioni erano alcuni professori che scrivevano articoli del tipo: &#8220;In Tibet esistono diverse correnti del buddismo; ce n&#8217;\u00e8 anche una chiamata &#8216;Dzogchen'&#8221;. Oggi lo Dzogchen sta diventando sempre pi\u00f9 popolare nel mondo occidentale. Tuttavia, le persone che sentono o leggono questo nome per la prima volta pensano: &#8220;Oh, questa deve essere una delle filosofie orientali&#8221;.   <\/p>\n<p class=\"p1\">Puoi considerarlo una filosofia, una religione o un percorso spirituale, se vuoi, ma non \u00e8 cos\u00ec. \u00c8 importante capire che lo Dzogchen non \u00e8 un tipo di scuola o tradizione. <\/p>\n<p class=\"p1\">[\/et_pb_text][\/et_pb_column][\/et_pb_row][et_pb_row _builder_version=&#8221;4.27.5&#8243; _module_preset=&#8221;default&#8221; global_colors_info=&#8221;{}&#8221;][et_pb_column type=&#8221;4_4&#8243; _builder_version=&#8221;4.27.5&#8243; _module_preset=&#8221;default&#8221; global_colors_info=&#8221;{}&#8221;][et_pb_text _builder_version=&#8221;4.27.5&#8243; _module_preset=&#8221;default&#8221; custom_margin=&#8221;-35px||||false|false&#8221; custom_padding=&#8221;|||0px||&#8221; hover_enabled=&#8221;0&#8243; global_colors_info=&#8221;{}&#8221; sticky_enabled=&#8221;0&#8243;]<\/p>\n<p class=\"p1\">Lo Dzogchen \u00e8 la nostra vera natura, una potenzialit\u00e0 che tutti noi abbiamo. \u00c8 una conoscenza molto antica, trasmessa e insegnata. Il metodo che insegna i metodi per scoprire questa potenzialit\u00e0 e utilizzarla nella nostra vita si chiama insegnamento Dzogchen. Possiamo seguirlo e imparare a scoprire la nostra vera natura: Totale (chen) Perfezione (dzog).   <\/p>\n<p class=\"p1\">\u00c8 un insegnamento molto elevato, ma elevato non significa necessariamente complicato. Lo Dzogchen pu\u00f2 essere molto semplice. Perch\u00e9 si basa sull&#8217;esperienza, non tanto sullo studio e sull&#8217;apprendimento. L&#8217;insegnante ci spiega un po&#8217;, ci introduce a scoprire direttamente la nostra condizione reale e quando la scopriamo, allora abbiamo quella conoscenza.   <\/p>\n<p class=\"p1\">Questo \u00e8 un aspetto molto utile anche dal punto di vista pratico: se conosciamo la nostra reale condizione, possiamo superare tutti i nostri conflitti o problemi. Inoltre, possiamo conoscere un po&#8217; meglio noi stessi. Questo \u00e8 ci\u00f2 che l&#8217;insegnamento pu\u00f2 dare. Questo \u00e8 ci\u00f2 che insegno da pi\u00f9 di 40 anni&#8230;   <\/p>\n<p class=\"p1\">&#8230;Gli esseri umani hanno creato culture, filosofie e religioni diverse in tempi e luoghi diversi. Chi \u00e8 interessato all&#8217;insegnamento dello Dzogchen deve esserne consapevole e sapere come lavorare con le diverse culture, senza farsi condizionare dalle loro forme esteriori. <\/p>\n<p class=\"p1\">Ad esempio, alcune persone potrebbero pensare che per praticare lo Dzogchen sia necessario convertirsi al Buddismo o al B\u00f6n, perch\u00e9 lo Dzogchen \u00e8 stato diffuso attraverso queste due tradizioni religiose. Questo dimostra quanto sia limitato il nostro modo di pensare. Se decidiamo di seguire un insegnamento spirituale, siamo convinti che sia necessario cambiare qualcosa, come il nostro modo di vestire, mangiare, comportarci e cos\u00ec via. Ma per praticare l&#8217;insegnamento dello Dzogchen non c&#8217;\u00e8 bisogno di aderire a nessuna dottrina religiosa o di entrare in un ordine monastico, o di accettare ciecamente gli insegnamenti e diventare uno &#8220;dzogchenista&#8221;. Tutte queste cose, infatti, possono creare seri ostacoli alla vera conoscenza. I monaci o le monache, senza rinunciare ai loro voti, possono praticare lo Dzogchen, cos\u00ec come un prete cattolico, un impiegato, un operaio e cos\u00ec via, senza dover abbandonare il loro ruolo nella societ\u00e0, perch\u00e9 lo Dzogchen non cambia le persone dall&#8217;esterno. Piuttosto le risveglia interiormente.      <\/p>\n<p class=\"p1\">Lo Dzogchen non \u00e8 una scuola, una setta o un sistema religioso. \u00c8 semplicemente uno stato di conoscenza che i maestri hanno trasmesso al di l\u00e0 dei limiti di una scuola o di una tradizione monastica. Il lignaggio dell&#8217;insegnamento Dzogchen ha incluso maestri appartenenti a tutte le classi sociali: contadini, nomadi, nobili, monaci e grandi figure religiose, provenienti da ogni tradizione o setta spirituale. Una persona realmente interessata a questi insegnamenti dovrebbe comprenderne il principio fondamentale senza lasciarsi condizionare dai limiti di una tradizione.   <\/p>\n<p>[\/et_pb_text][\/et_pb_column][\/et_pb_row][\/et_pb_section]<\/p>\n","protected":false},"excerpt":{"rendered":"<p>Lo Dzogchen \u00e8 la nostra vera natura, una potenzialit\u00e0 che tutti noi abbiamo. \u00c8 una conoscenza molto antica, trasmessa e insegnata. <\/p>\n","protected":false},"author":8,"featured_media":37510,"parent":0,"menu_order":0,"comment_status":"closed","ping_status":"closed","template":"","meta":{"_et_pb_use_builder":"on","_et_pb_old_content":"","_et_gb_content_width":"","_searchwp_excluded":"","footnotes":""},"class_list":["post-63905","page","type-page","status-publish","has-post-thumbnail","hentry"],"_links":{"self":[{"href":"https:\/\/melong.online\/it\/wp-json\/wp\/v2\/pages\/63905","targetHints":{"allow":["GET"]}}],"collection":[{"href":"https:\/\/melong.online\/it\/wp-json\/wp\/v2\/pages"}],"about":[{"href":"https:\/\/melong.online\/it\/wp-json\/wp\/v2\/types\/page"}],"author":[{"embeddable":true,"href":"https:\/\/melong.online\/it\/wp-json\/wp\/v2\/users\/8"}],"replies":[{"embeddable":true,"href":"https:\/\/melong.online\/it\/wp-json\/wp\/v2\/comments?post=63905"}],"version-history":[{"count":8,"href":"https:\/\/melong.online\/it\/wp-json\/wp\/v2\/pages\/63905\/revisions"}],"predecessor-version":[{"id":64160,"href":"https:\/\/melong.online\/it\/wp-json\/wp\/v2\/pages\/63905\/revisions\/64160"}],"wp:featuredmedia":[{"embeddable":true,"href":"https:\/\/melong.online\/it\/wp-json\/wp\/v2\/media\/37510"}],"wp:attachment":[{"href":"https:\/\/melong.online\/it\/wp-json\/wp\/v2\/media?parent=63905"}],"curies":[{"name":"wp","href":"https:\/\/api.w.org\/{rel}","templated":true}]}}