{"id":63913,"date":"2025-12-21T05:01:24","date_gmt":"2025-12-21T05:01:24","guid":{"rendered":"https:\/\/melong.online\/namkhai-yeshi\/"},"modified":"2026-04-03T22:44:14","modified_gmt":"2026-04-03T22:44:14","slug":"namkhai-yeshi","status":"publish","type":"page","link":"https:\/\/melong.online\/it\/namkhai-yeshi\/","title":{"rendered":"Namkhai Yeshi"},"content":{"rendered":"<p>[et_pb_section fb_built=&#8221;1&#8243; _builder_version=&#8221;4.27.5&#8243; _module_preset=&#8221;default&#8221; global_colors_info=&#8221;{}&#8221;][et_pb_row _builder_version=&#8221;4.27.5&#8243; _module_preset=&#8221;default&#8221; global_colors_info=&#8221;{}&#8221;][et_pb_column type=&#8221;4_4&#8243; _builder_version=&#8221;4.27.5&#8243; _module_preset=&#8221;default&#8221; global_colors_info=&#8221;{}&#8221;][et_pb_text _builder_version=&#8221;4.27.5&#8243; _module_preset=&#8221;default&#8221; text_font=&#8221;Georgia|700||on|||||&#8221; text_text_color=&#8221;#333333&#8243; text_font_size=&#8221;32px&#8221; header_font=&#8221;Georgia||||||||&#8221; text_orientation=&#8221;center&#8221; custom_margin=&#8221;-32px||||false|false&#8221; text_font_size_tablet=&#8221;30px&#8221; text_font_size_phone=&#8221;25px&#8221; text_font_size_last_edited=&#8221;on|tablet&#8221; inline_fonts=&#8221;Georgia&#8221; global_colors_info=&#8221;{}&#8221;]<\/p>\n<p>Namkhai Yeshi<\/p>\n<p>[\/et_pb_text][et_pb_image src=&#8221;https:\/\/melong.online\/wp-content\/uploads\/2026\/01\/immagine.jpg&#8221; title_text=&#8221;immagine&#8221; _builder_version=&#8221;4.27.5&#8243; _module_preset=&#8221;default&#8221; global_colors_info=&#8221;{}&#8221;][\/et_pb_image][\/et_pb_column][\/et_pb_row][et_pb_row _builder_version=&#8221;4.27.5&#8243; _module_preset=&#8221;default&#8221; global_colors_info=&#8221;{}&#8221;][et_pb_column type=&#8221;4_4&#8243; _builder_version=&#8221;4.27.5&#8243; _module_preset=&#8221;default&#8221; global_colors_info=&#8221;{}&#8221;][et_pb_text _builder_version=&#8221;4.27.5&#8243; _module_preset=&#8221;default&#8221; global_colors_info=&#8221;{}&#8221;]<\/p>\n<h2 class=\"wp-block-heading\">Guida spirituale della Comunit\u00e0 Dzogchen, figlio e devoto discepolo di Ch\u00f6gyal Namkhai Norbu.<\/h2>\n<p>Figlio e allievo del maestro Dzogchen Ch\u00f6gyal Namkhai Norbu (1938-2018), Namkhai Yeshi \u00e8 nato in Italia nel 1970, ha ricevuto educazione Cristiana e Buddhista, ha studiato cinematografia, filosofia, informatica. La sua esperienza lavorativa si svolge nell&#8217;informatica per medie imprese, dove ha rivestito ruoli di crescente responsabilit\u00e0.  <\/p>\n<p>Da bambino, S.S. Sakya Trizin lo ha riconosciuto come la reincarnazione dello zio materno, Jamyang Khyentse Ch\u00f6kyi Wangchuk (1909-1960), dandogli il nome di Jamyang Ch\u00f6kyi Nyima; nel 2007 Namkhai Yeshi \u00e8 andato in visita in Tibet presso il suo monastero.<\/p>\n<p>Su richiesta del padre si \u00e8 sempre occupato del futuro della Comunit\u00e0 Dzogchen, introducendo modernit\u00e0 e tecnologia a supporto della sua naturale evoluzione.<\/p>\n<p>Oggi, in qualit\u00e0 di detentore della trasmissione e del lignaggio di Ch\u00f6gyal Namkhai Norbu, ricopre il ruolo di guida spirituale della Comunit\u00e0 Dzogchen internazionale, e si divide tra impegni familiari e lavorativi, e quelli istituzionali.<\/p>\n<p>Negli ultimi cinque anni, Namkhai Yeshi si \u00e8 formato in musica elettronica presso il Conservatorio Luigi Cherubini di Firenze, e oggi compone musica al computer; usa il suono e linguaggio della musica elettroacustica per rendere accessibili conoscenze antiche e esperienze meditative.<\/p>\n<p><a href=\"https:\/\/soundcloud.com\/yeshisilvanonamkhai\" rel=\"nofollow noopener\" target=\"_blank\">https:\/\/soundcloud.com\/yeshisilvanonamkhai<br \/>\n <\/a><\/p>\n<p><a href=\"https:\/\/www.shangshungpublications.com\/en\/products\/product\/atimonlam-english\" rel=\"nofollow noopener\" target=\"_blank\">ATIMONLAM &#8211; Shang Shung Edizioni<\/a> <\/p>\n<p>[\/et_pb_text][\/et_pb_column][\/et_pb_row][et_pb_row _builder_version=&#8221;4.27.5&#8243; _module_preset=&#8221;default&#8221; global_colors_info=&#8221;{}&#8221;][et_pb_column type=&#8221;4_4&#8243; _builder_version=&#8221;4.27.5&#8243; _module_preset=&#8221;default&#8221; global_colors_info=&#8221;{}&#8221;][et_pb_text _builder_version=&#8221;4.27.5&#8243; _module_preset=&#8221;default&#8221; text_font=&#8221;|700||on|||||&#8221; text_font_size=&#8221;20px&#8221; text_orientation=&#8221;center&#8221; global_colors_info=&#8221;{}&#8221;]<\/p>\n<p><span>Prossimi insegnamenti di Namkhai Yeshi<\/span><\/p>\n<p>[\/et_pb_text][\/et_pb_column][\/et_pb_row][et_pb_row _builder_version=&#8221;4.27.5&#8243; _module_preset=&#8221;default&#8221; global_colors_info=&#8221;{}&#8221;][et_pb_column type=&#8221;4_4&#8243; _builder_version=&#8221;4.27.5&#8243; _module_preset=&#8221;default&#8221; global_colors_info=&#8221;{}&#8221;][et_pb_text _builder_version=&#8221;4.27.5&#8243; _module_preset=&#8221;default&#8221; hover_enabled=&#8221;0&#8243; global_colors_info=&#8221;{}&#8221; sticky_enabled=&#8221;0&#8243;]<\/p>\n<p><strong>19-22 giugno 2026<\/strong><br \/><strong>Fiducia nella liberazione<\/strong><br \/><strong>Ritiro a Merigar, Italia<\/strong><\/p>\n<p>Cari tutti, siamo lieti di annunciare l\u2019apertura delle iscrizioni al ritiro di Insegnamenti Dzogchen che il Maestro Namkhai Yeshi terr\u00e0 a Merigar dal 19 al 22 di giugno 2026.<\/p>\n<p><strong>Questo ritiro potr\u00e0 essere seguito esclusivamente in presenza; non sar\u00e0 trasmesso in webcast.<\/strong><\/p>\n<p><a href=\"https:\/\/www.merigar.it\/it\/corsi-e-eventi\/fiducia-nella-liberazione\/\" target=\"_blank\" rel=\"noopener\">Maggiori dettagli<\/a><strong><span><\/span><\/strong><\/p>\n<p>[\/et_pb_text][\/et_pb_column][\/et_pb_row][et_pb_row _builder_version=&#8221;4.27.5&#8243; _module_preset=&#8221;default&#8221; global_colors_info=&#8221;{}&#8221;][et_pb_column type=&#8221;4_4&#8243; _builder_version=&#8221;4.27.5&#8243; _module_preset=&#8221;default&#8221; global_colors_info=&#8221;{}&#8221;][et_pb_button button_url=&#8221;https:\/\/melong.online\/eventi-passati-con-namkhai-yeshi\/&#8221; url_new_window=&#8221;on&#8221; button_text=&#8221;Eventi passati&#8221; button_alignment=&#8221;left&#8221; _builder_version=&#8221;4.27.5&#8243; _module_preset=&#8221;default&#8221; custom_button=&#8221;on&#8221; button_text_size=&#8221;17px&#8221; background_layout=&#8221;dark&#8221; global_colors_info=&#8221;{}&#8221;][\/et_pb_button][\/et_pb_column][\/et_pb_row][et_pb_row _builder_version=&#8221;4.27.5&#8243; _module_preset=&#8221;default&#8221; global_colors_info=&#8221;{}&#8221;][et_pb_column type=&#8221;4_4&#8243; _builder_version=&#8221;4.27.5&#8243; _module_preset=&#8221;default&#8221; global_colors_info=&#8221;{}&#8221;][et_pb_text _builder_version=&#8221;4.27.5&#8243; _module_preset=&#8221;default&#8221; text_font=&#8221;Inter|700||on|||||&#8221; text_font_size=&#8221;20px&#8221; text_orientation=&#8221;center&#8221; global_colors_info=&#8221;{}&#8221;]<\/p>\n<p>Ultime notizie<\/p>\n<p>[\/et_pb_text][\/et_pb_column][\/et_pb_row][et_pb_row _builder_version=&#8221;4.27.5&#8243; _module_preset=&#8221;default&#8221; global_colors_info=&#8221;{}&#8221;][et_pb_column type=&#8221;4_4&#8243; _builder_version=&#8221;4.27.5&#8243; _module_preset=&#8221;default&#8221; global_colors_info=&#8221;{}&#8221;][et_pb_blog fullwidth=&#8221;off&#8221; posts_number=&#8221;12&#8243; include_categories=&#8221;2590&#8243; _builder_version=&#8221;4.27.5&#8243; _module_preset=&#8221;default&#8221; body_text_color=&#8221;#333333&#8243; meta_text_color=&#8221;#575757&#8243; border_width_all=&#8221;0px&#8221; box_shadow_style=&#8221;preset3&#8243; box_shadow_vertical=&#8221;2px&#8221; box_shadow_blur=&#8221;9px&#8221; box_shadow_spread=&#8221;-5px&#8221; global_colors_info=&#8221;{}&#8221;][\/et_pb_blog][\/et_pb_column][\/et_pb_row][\/et_pb_section]<\/p>\n","protected":false},"excerpt":{"rendered":"<p>Guida spirituale della Comunit\u00e0 Dzogchen, figlio e devoto discepolo di Ch\u00f6gyal Namkhai Norbu.<\/p>\n","protected":false},"author":8,"featured_media":64437,"parent":0,"menu_order":0,"comment_status":"closed","ping_status":"closed","template":"","meta":{"_et_pb_use_builder":"on","_et_pb_old_content":"","_et_gb_content_width":"","_searchwp_excluded":"","footnotes":""},"class_list":["post-63913","page","type-page","status-publish","has-post-thumbnail","hentry"],"_links":{"self":[{"href":"https:\/\/melong.online\/it\/wp-json\/wp\/v2\/pages\/63913","targetHints":{"allow":["GET"]}}],"collection":[{"href":"https:\/\/melong.online\/it\/wp-json\/wp\/v2\/pages"}],"about":[{"href":"https:\/\/melong.online\/it\/wp-json\/wp\/v2\/types\/page"}],"author":[{"embeddable":true,"href":"https:\/\/melong.online\/it\/wp-json\/wp\/v2\/users\/8"}],"replies":[{"embeddable":true,"href":"https:\/\/melong.online\/it\/wp-json\/wp\/v2\/comments?post=63913"}],"version-history":[{"count":25,"href":"https:\/\/melong.online\/it\/wp-json\/wp\/v2\/pages\/63913\/revisions"}],"predecessor-version":[{"id":66167,"href":"https:\/\/melong.online\/it\/wp-json\/wp\/v2\/pages\/63913\/revisions\/66167"}],"wp:featuredmedia":[{"embeddable":true,"href":"https:\/\/melong.online\/it\/wp-json\/wp\/v2\/media\/64437"}],"wp:attachment":[{"href":"https:\/\/melong.online\/it\/wp-json\/wp\/v2\/media?parent=63913"}],"curies":[{"name":"wp","href":"https:\/\/api.w.org\/{rel}","templated":true}]}}